{"id":6552,"date":"2022-08-25T06:00:21","date_gmt":"2022-08-25T09:00:21","guid":{"rendered":"https:\/\/agenciaevolution.com\/contato\/"},"modified":"2025-01-30T03:02:44","modified_gmt":"2025-01-30T06:02:44","slug":"contato","status":"publish","type":"page","link":"https:\/\/sistemaevolution.com.br\/pt-br\/contato\/","title":{"rendered":"Contato"},"content":{"rendered":"\t\t<div data-elementor-type=\"wp-page\" data-elementor-id=\"6552\" class=\"elementor elementor-6552 elementor-59\" data-elementor-settings=\"{&quot;ha_cmc_init_switcher&quot;:&quot;no&quot;}\" data-elementor-post-type=\"page\">\n\t\t\t\t<div class=\"elementor-element elementor-element-5a6a196 e-flex e-con-boxed e-con e-parent\" data-id=\"5a6a196\" data-element_type=\"container\" data-e-type=\"container\" data-settings=\"{&quot;_ha_eqh_enable&quot;:false}\">\n\t\t\t\t\t<div class=\"e-con-inner\">\n\t\t<div class=\"elementor-element elementor-element-4ef4e11 e-con-full e-flex e-con e-child\" data-id=\"4ef4e11\" data-element_type=\"container\" data-e-type=\"container\" data-settings=\"{&quot;_ha_eqh_enable&quot;:false}\">\n\t\t\t\t<div class=\"elementor-element elementor-element-0f543e3 elementor-widget__width-initial elementor-widget elementor-widget-image\" data-id=\"0f543e3\" data-element_type=\"widget\" data-e-type=\"widget\" data-widget_type=\"image.default\">\n\t\t\t\t\t\t\t\t\t\t\t\t\t\t\t<img fetchpriority=\"high\" decoding=\"async\" width=\"351\" height=\"316\" src=\"https:\/\/sistemaevolution.com.br\/wp-content\/uploads\/2024\/11\/contact-1.jpg\" class=\"attachment-full size-full wp-image-7485\" alt=\"\" srcset=\"https:\/\/sistemaevolution.com.br\/wp-content\/uploads\/2024\/11\/contact-1.jpg 351w, https:\/\/sistemaevolution.com.br\/wp-content\/uploads\/2024\/11\/contact-1-300x270.jpg 300w\" sizes=\"(max-width: 351px) 100vw, 351px\" \/>\t\t\t\t\t\t\t\t\t\t\t\t\t\t\t<\/div>\n\t\t\t\t<div class=\"elementor-element elementor-element-d3567f2 elementor-widget elementor-widget-heading\" data-id=\"d3567f2\" data-element_type=\"widget\" data-e-type=\"widget\" data-widget_type=\"heading.default\">\n\t\t\t\t\t<h2 class=\"elementor-heading-title elementor-size-default\">Vamos conversar?<\/h2>\t\t\t\t<\/div>\n\t\t\t\t<div class=\"elementor-element elementor-element-28fda5e elementor-widget elementor-widget-heading\" data-id=\"28fda5e\" data-element_type=\"widget\" data-e-type=\"widget\" data-widget_type=\"heading.default\">\n\t\t\t\t\t<h2 class=\"elementor-heading-title elementor-size-default\">Email<\/h2>\t\t\t\t<\/div>\n\t\t\t\t<div class=\"elementor-element elementor-element-5c07dd4 elementor-icon-list--layout-traditional elementor-list-item-link-full_width elementor-widget elementor-widget-icon-list\" data-id=\"5c07dd4\" data-element_type=\"widget\" data-e-type=\"widget\" data-widget_type=\"icon-list.default\">\n\t\t\t\t\t\t\t<ul class=\"elementor-icon-list-items\">\n\t\t\t\t\t\t\t<li class=\"elementor-icon-list-item\">\n\t\t\t\t\t\t\t\t\t\t\t<a href=\"mailto:agenciaevolution2@gmail.com\" target=\"_blank\">\n\n\t\t\t\t\t\t\t\t\t\t\t<span class=\"elementor-icon-list-text\">agenciaevolution2@gmail.com<\/span>\n\t\t\t\t\t\t\t\t\t\t\t<\/a>\n\t\t\t\t\t\t\t\t\t<\/li>\n\t\t\t\t\t\t<\/ul>\n\t\t\t\t\t\t<\/div>\n\t\t\t\t<div class=\"elementor-element elementor-element-1fd3bad elementor-widget elementor-widget-heading\" data-id=\"1fd3bad\" data-element_type=\"widget\" data-e-type=\"widget\" data-widget_type=\"heading.default\">\n\t\t\t\t\t<h2 class=\"elementor-heading-title elementor-size-default\">Whatsapp<\/h2>\t\t\t\t<\/div>\n\t\t\t\t<div class=\"elementor-element elementor-element-6c7c6e5 elementor-icon-list--layout-traditional elementor-list-item-link-full_width elementor-widget elementor-widget-icon-list\" data-id=\"6c7c6e5\" data-element_type=\"widget\" data-e-type=\"widget\" data-widget_type=\"icon-list.default\">\n\t\t\t\t\t\t\t<ul class=\"elementor-icon-list-items\">\n\t\t\t\t\t\t\t<li class=\"elementor-icon-list-item\">\n\t\t\t\t\t\t\t\t\t\t\t<a href=\"https:\/\/wa.me\/5563999935928\" target=\"_blank\">\n\n\t\t\t\t\t\t\t\t\t\t\t<span class=\"elementor-icon-list-text\">+55 63 9 9993 5928<\/span>\n\t\t\t\t\t\t\t\t\t\t\t<\/a>\n\t\t\t\t\t\t\t\t\t<\/li>\n\t\t\t\t\t\t<\/ul>\n\t\t\t\t\t\t<\/div>\n\t\t\t\t<\/div>\n\t\t\t\t\t<\/div>\n\t\t\t\t<\/div>\n\t\t\t\t<\/div>\n\t\t","protected":false},"excerpt":{"rendered":"<p>Vamos conversar? Email agenciaevolution2@gmail.com Whatsapp +55 63 9 9993 5928<\/p>\n","protected":false},"author":1,"featured_media":0,"parent":0,"menu_order":0,"comment_status":"closed","ping_status":"closed","template":"elementor_header_footer","meta":{"footnotes":""},"class_list":["post-6552","page","type-page","status-publish","hentry"],"yoast_head":"<!-- This site is optimized with the Yoast SEO plugin v27.5 - https:\/\/yoast.com\/product\/yoast-seo-wordpress\/ -->\n<title>Contato &#8212; Agencia Evolution<\/title>\n<meta name=\"description\" content=\"Entre em contato com a Ag\u00eancia Evolution e descubra como podemos impulsionar o seu neg\u00f3cio com solu\u00e7\u00f5es digitais , whatsapp +543415424972\" \/>\n<meta name=\"robots\" content=\"index, follow, max-snippet:-1, max-image-preview:large, max-video-preview:-1\" \/>\n<link rel=\"canonical\" href=\"https:\/\/sistemaevolution.com.br\/contato\/\" \/>\n<meta property=\"og:locale\" content=\"pt_BR\" \/>\n<meta property=\"og:type\" content=\"article\" \/>\n<meta property=\"og:title\" content=\"Contato &#8212; Agencia Evolution\" \/>\n<meta property=\"og:description\" content=\"Entre em contato com a Ag\u00eancia Evolution e descubra como podemos impulsionar o seu neg\u00f3cio com solu\u00e7\u00f5es digitais , whatsapp +543415424972\" \/>\n<meta property=\"og:url\" content=\"https:\/\/sistemaevolution.com.br\/contato\/\" \/>\n<meta property=\"og:site_name\" content=\"Agencia Evolution\" \/>\n<meta property=\"article:modified_time\" content=\"2025-01-30T06:02:44+00:00\" \/>\n<meta property=\"og:image\" content=\"https:\/\/agenciaevolution.com\/wp-content\/uploads\/2024\/11\/contact-1.jpg\" \/>\n<meta name=\"twitter:card\" content=\"summary_large_image\" \/>\n<meta name=\"twitter:label1\" content=\"Est. tempo de leitura\" \/>\n\t<meta name=\"twitter:data1\" content=\"1 minuto\" \/>\n<script type=\"application\/ld+json\" class=\"yoast-schema-graph\">{\"@context\":\"https:\\\/\\\/schema.org\",\"@graph\":[{\"@type\":\"WebPage\",\"@id\":\"https:\\\/\\\/sistemaevolution.com.br\\\/contato\\\/\",\"url\":\"https:\\\/\\\/sistemaevolution.com.br\\\/contato\\\/\",\"name\":\"Contato &#8212; Agencia Evolution\",\"isPartOf\":{\"@id\":\"https:\\\/\\\/sistemaevolution.com.br\\\/#website\"},\"primaryImageOfPage\":{\"@id\":\"https:\\\/\\\/sistemaevolution.com.br\\\/contato\\\/#primaryimage\"},\"image\":{\"@id\":\"https:\\\/\\\/sistemaevolution.com.br\\\/contato\\\/#primaryimage\"},\"thumbnailUrl\":\"https:\\\/\\\/agenciaevolution.com\\\/wp-content\\\/uploads\\\/2024\\\/11\\\/contact-1.jpg\",\"datePublished\":\"2022-08-25T09:00:21+00:00\",\"dateModified\":\"2025-01-30T06:02:44+00:00\",\"description\":\"Entre em contato com a Ag\u00eancia Evolution e descubra como podemos impulsionar o seu neg\u00f3cio com solu\u00e7\u00f5es digitais , whatsapp +543415424972\",\"breadcrumb\":{\"@id\":\"https:\\\/\\\/sistemaevolution.com.br\\\/contato\\\/#breadcrumb\"},\"inLanguage\":\"pt-BR\",\"potentialAction\":[{\"@type\":\"ReadAction\",\"target\":[\"https:\\\/\\\/sistemaevolution.com.br\\\/contato\\\/\"]}]},{\"@type\":\"ImageObject\",\"inLanguage\":\"pt-BR\",\"@id\":\"https:\\\/\\\/sistemaevolution.com.br\\\/contato\\\/#primaryimage\",\"url\":\"https:\\\/\\\/agenciaevolution.com\\\/wp-content\\\/uploads\\\/2024\\\/11\\\/contact-1.jpg\",\"contentUrl\":\"https:\\\/\\\/agenciaevolution.com\\\/wp-content\\\/uploads\\\/2024\\\/11\\\/contact-1.jpg\"},{\"@type\":\"BreadcrumbList\",\"@id\":\"https:\\\/\\\/sistemaevolution.com.br\\\/contato\\\/#breadcrumb\",\"itemListElement\":[{\"@type\":\"ListItem\",\"position\":1,\"name\":\"Portada\",\"item\":\"https:\\\/\\\/sistemaevolution.com.br\\\/pt-br\\\/\"},{\"@type\":\"ListItem\",\"position\":2,\"name\":\"Contato\"}]},{\"@type\":\"WebSite\",\"@id\":\"https:\\\/\\\/sistemaevolution.com.br\\\/#website\",\"url\":\"https:\\\/\\\/sistemaevolution.com.br\\\/\",\"name\":\"Agencia Evolution\",\"description\":\"\",\"publisher\":{\"@id\":\"https:\\\/\\\/sistemaevolution.com.br\\\/#organization\"},\"potentialAction\":[{\"@type\":\"SearchAction\",\"target\":{\"@type\":\"EntryPoint\",\"urlTemplate\":\"https:\\\/\\\/sistemaevolution.com.br\\\/?s={search_term_string}\"},\"query-input\":{\"@type\":\"PropertyValueSpecification\",\"valueRequired\":true,\"valueName\":\"search_term_string\"}}],\"inLanguage\":\"pt-BR\"},{\"@type\":\"Organization\",\"@id\":\"https:\\\/\\\/sistemaevolution.com.br\\\/#organization\",\"name\":\"Agencia Evolution\",\"alternateName\":\"Sistema Evolution\",\"url\":\"https:\\\/\\\/sistemaevolution.com.br\\\/\",\"logo\":{\"@type\":\"ImageObject\",\"inLanguage\":\"pt-BR\",\"@id\":\"https:\\\/\\\/sistemaevolution.com.br\\\/#\\\/schema\\\/logo\\\/image\\\/\",\"url\":\"https:\\\/\\\/sistemaevolution.com.br\\\/wp-content\\\/uploads\\\/2024\\\/11\\\/evo-preto-espanhol.fw_.png\",\"contentUrl\":\"https:\\\/\\\/sistemaevolution.com.br\\\/wp-content\\\/uploads\\\/2024\\\/11\\\/evo-preto-espanhol.fw_.png\",\"width\":434,\"height\":434,\"caption\":\"Agencia Evolution\"},\"image\":{\"@id\":\"https:\\\/\\\/sistemaevolution.com.br\\\/#\\\/schema\\\/logo\\\/image\\\/\"}}]}<\/script>\n<!-- \/ Yoast SEO plugin. -->","yoast_head_json":{"title":"Contato &#8212; Agencia Evolution","description":"Entre em contato com a Ag\u00eancia Evolution e descubra como podemos impulsionar o seu neg\u00f3cio com solu\u00e7\u00f5es digitais , whatsapp +543415424972","robots":{"index":"index","follow":"follow","max-snippet":"max-snippet:-1","max-image-preview":"max-image-preview:large","max-video-preview":"max-video-preview:-1"},"canonical":"https:\/\/sistemaevolution.com.br\/contato\/","og_locale":"pt_BR","og_type":"article","og_title":"Contato &#8212; Agencia Evolution","og_description":"Entre em contato com a Ag\u00eancia Evolution e descubra como podemos impulsionar o seu neg\u00f3cio com solu\u00e7\u00f5es digitais , whatsapp +543415424972","og_url":"https:\/\/sistemaevolution.com.br\/contato\/","og_site_name":"Agencia Evolution","article_modified_time":"2025-01-30T06:02:44+00:00","og_image":[{"url":"https:\/\/agenciaevolution.com\/wp-content\/uploads\/2024\/11\/contact-1.jpg","type":"","width":"","height":""}],"twitter_card":"summary_large_image","twitter_misc":{"Est. tempo de leitura":"1 minuto"},"schema":{"@context":"https:\/\/schema.org","@graph":[{"@type":"WebPage","@id":"https:\/\/sistemaevolution.com.br\/contato\/","url":"https:\/\/sistemaevolution.com.br\/contato\/","name":"Contato &#8212; Agencia Evolution","isPartOf":{"@id":"https:\/\/sistemaevolution.com.br\/#website"},"primaryImageOfPage":{"@id":"https:\/\/sistemaevolution.com.br\/contato\/#primaryimage"},"image":{"@id":"https:\/\/sistemaevolution.com.br\/contato\/#primaryimage"},"thumbnailUrl":"https:\/\/agenciaevolution.com\/wp-content\/uploads\/2024\/11\/contact-1.jpg","datePublished":"2022-08-25T09:00:21+00:00","dateModified":"2025-01-30T06:02:44+00:00","description":"Entre em contato com a Ag\u00eancia Evolution e descubra como podemos impulsionar o seu neg\u00f3cio com solu\u00e7\u00f5es digitais , whatsapp +543415424972","breadcrumb":{"@id":"https:\/\/sistemaevolution.com.br\/contato\/#breadcrumb"},"inLanguage":"pt-BR","potentialAction":[{"@type":"ReadAction","target":["https:\/\/sistemaevolution.com.br\/contato\/"]}]},{"@type":"ImageObject","inLanguage":"pt-BR","@id":"https:\/\/sistemaevolution.com.br\/contato\/#primaryimage","url":"https:\/\/agenciaevolution.com\/wp-content\/uploads\/2024\/11\/contact-1.jpg","contentUrl":"https:\/\/agenciaevolution.com\/wp-content\/uploads\/2024\/11\/contact-1.jpg"},{"@type":"BreadcrumbList","@id":"https:\/\/sistemaevolution.com.br\/contato\/#breadcrumb","itemListElement":[{"@type":"ListItem","position":1,"name":"Portada","item":"https:\/\/sistemaevolution.com.br\/pt-br\/"},{"@type":"ListItem","position":2,"name":"Contato"}]},{"@type":"WebSite","@id":"https:\/\/sistemaevolution.com.br\/#website","url":"https:\/\/sistemaevolution.com.br\/","name":"Agencia Evolution","description":"","publisher":{"@id":"https:\/\/sistemaevolution.com.br\/#organization"},"potentialAction":[{"@type":"SearchAction","target":{"@type":"EntryPoint","urlTemplate":"https:\/\/sistemaevolution.com.br\/?s={search_term_string}"},"query-input":{"@type":"PropertyValueSpecification","valueRequired":true,"valueName":"search_term_string"}}],"inLanguage":"pt-BR"},{"@type":"Organization","@id":"https:\/\/sistemaevolution.com.br\/#organization","name":"Agencia Evolution","alternateName":"Sistema Evolution","url":"https:\/\/sistemaevolution.com.br\/","logo":{"@type":"ImageObject","inLanguage":"pt-BR","@id":"https:\/\/sistemaevolution.com.br\/#\/schema\/logo\/image\/","url":"https:\/\/sistemaevolution.com.br\/wp-content\/uploads\/2024\/11\/evo-preto-espanhol.fw_.png","contentUrl":"https:\/\/sistemaevolution.com.br\/wp-content\/uploads\/2024\/11\/evo-preto-espanhol.fw_.png","width":434,"height":434,"caption":"Agencia Evolution"},"image":{"@id":"https:\/\/sistemaevolution.com.br\/#\/schema\/logo\/image\/"}}]}},"_links":{"self":[{"href":"https:\/\/sistemaevolution.com.br\/pt-br\/wp-json\/wp\/v2\/pages\/6552","targetHints":{"allow":["GET"]}}],"collection":[{"href":"https:\/\/sistemaevolution.com.br\/pt-br\/wp-json\/wp\/v2\/pages"}],"about":[{"href":"https:\/\/sistemaevolution.com.br\/pt-br\/wp-json\/wp\/v2\/types\/page"}],"author":[{"embeddable":true,"href":"https:\/\/sistemaevolution.com.br\/pt-br\/wp-json\/wp\/v2\/users\/1"}],"replies":[{"embeddable":true,"href":"https:\/\/sistemaevolution.com.br\/pt-br\/wp-json\/wp\/v2\/comments?post=6552"}],"version-history":[{"count":0,"href":"https:\/\/sistemaevolution.com.br\/pt-br\/wp-json\/wp\/v2\/pages\/6552\/revisions"}],"wp:attachment":[{"href":"https:\/\/sistemaevolution.com.br\/pt-br\/wp-json\/wp\/v2\/media?parent=6552"}],"curies":[{"name":"wp","href":"https:\/\/api.w.org\/{rel}","templated":true}]}}