{"id":17386,"date":"2025-03-03T04:27:47","date_gmt":"2025-03-03T07:27:47","guid":{"rendered":"https:\/\/agenciaevolution.com\/?post_type=product&#038;p=17386"},"modified":"2025-03-03T05:10:44","modified_gmt":"2025-03-03T08:10:44","slug":"elementor-pro-plugin-digital-con-licencia-gpl-legal","status":"publish","type":"product","link":"https:\/\/sistemaevolution.com.br\/en\/producto\/elementor-pro-plugin-digital-con-licencia-gpl-legal\/","title":{"rendered":"Elementor Pro &#8211; Plugin Digital Con Licencia Gpl Legal"},"content":{"rendered":"<p>Este producto se distribuye legalmente bajo la Licencia GPL (General Public License). Obtendr\u00e1s acceso a Elementor Pro con actualizaciones garantizadas.<\/p>\n<h2>\u00bfC\u00f3mo funciona el proceso de entrega?<\/h2>\n<p>Despu\u00e9s de realizar tu compra, recibir\u00e1s acceso a una versi\u00f3n exclusiva de Elementor Pro con actualizaciones continuas. Cada vez que se lance una nueva versi\u00f3n, tendr\u00e1s acceso inmediato para descargar el archivo actualizado y mantener tu sitio al d\u00eda.<\/p>\n<h2>Acceso continuo y actualizaciones autom\u00e1ticas:<\/h2>\n<p>Distribuci\u00f3n legal bajo GPL: Plugin original, distribuido conforme a las reglas de software libre.<br \/>\nActualizaciones autom\u00e1ticas: El archivo ser\u00e1 actualizado regularmente para que siempre dispongas de la \u00faltima versi\u00f3n.<br \/>\nInstalaci\u00f3n sencilla: Descarga y actualiza tu plugin de manera r\u00e1pida y f\u00e1cil, siguiendo las instrucciones disponibles en tu cuenta.<br \/>\n\u00bfQu\u00e9 es la Licencia GPL?<\/p>\n<p>La Licencia GPL permite distribuir, modificar y redistribuir software de manera legal y libre. Esto garantiza que el producto que recibes es legal, seguro y funcional.<\/p>\n<h2>Preguntas Frecuentes:<\/h2>\n<p>\u00bfEs una versi\u00f3n oficial?<br \/>\nEste producto se distribuye bajo la Licencia GPL, lo que significa que es legal y cumple con todas las normativas de software libre.<\/p>\n<p>\u00bfC\u00f3mo se realizan las actualizaciones?<br \/>\nCuando haya una nueva versi\u00f3n, tendr\u00e1s acceso al archivo actualizado para mantener tu WordPress siempre en la \u00faltima versi\u00f3n de Elementor Pro.<\/p>\n","protected":false},"excerpt":{"rendered":"<p>Este producto se distribuye legalmente bajo la Licencia GPL (General Public License). Obtendr\u00e1s acceso a Elementor Pro con actualizaciones garantizadas. \u00bfC\u00f3mo funciona el proceso de entrega? Despu\u00e9s de realizar tu compra, recibir\u00e1s acceso a una versi\u00f3n exclusiva de Elementor Pro con actualizaciones continuas. Cada vez que se lance una nueva versi\u00f3n, tendr\u00e1s acceso inmediato para [&hellip;]<\/p>\n","protected":false},"featured_media":17292,"template":"","meta":[],"product_brand":[],"product_cat":[101],"product_tag":[],"class_list":{"0":"post-17386","1":"product","2":"type-product","3":"status-publish","4":"has-post-thumbnail","6":"product_cat-plugins","8":"first","9":"instock","10":"downloadable","11":"virtual","12":"purchasable","13":"product-type-simple"},"yoast_head":"<!-- This site is optimized with the Yoast SEO plugin v27.5 - https:\/\/yoast.com\/product\/yoast-seo-wordpress\/ -->\n<title>Elementor Pro - Plugin Digital Con Licencia Gpl Legal &#8212; Agencia Evolution<\/title>\n<meta name=\"description\" content=\"Este producto se distribuye legalmente bajo la Licencia GPL (General Public License). Obtendr\u00e1s acceso a Elementor Pro con actualizaciones garantizadas.\" \/>\n<meta name=\"robots\" content=\"index, follow, max-snippet:-1, max-image-preview:large, max-video-preview:-1\" \/>\n<link rel=\"canonical\" href=\"https:\/\/sistemaevolution.com.br\/producto\/elementor-pro-plugin-digital-con-licencia-gpl-legal\/\" \/>\n<meta property=\"og:locale\" content=\"en_US\" \/>\n<meta property=\"og:type\" content=\"article\" \/>\n<meta property=\"og:title\" content=\"Elementor Pro - Plugin Digital Con Licencia Gpl Legal &#8212; Agencia Evolution\" \/>\n<meta property=\"og:description\" content=\"Este producto se distribuye legalmente bajo la Licencia GPL (General Public License). Obtendr\u00e1s acceso a Elementor Pro con actualizaciones garantizadas.\" \/>\n<meta property=\"og:url\" content=\"https:\/\/sistemaevolution.com.br\/producto\/elementor-pro-plugin-digital-con-licencia-gpl-legal\/\" \/>\n<meta property=\"og:site_name\" content=\"Agencia Evolution\" \/>\n<meta property=\"article:modified_time\" content=\"2025-03-03T08:10:44+00:00\" \/>\n<meta property=\"og:image\" content=\"https:\/\/sistemaevolution.com.br\/wp-content\/uploads\/2025\/03\/ELEMENTOR-PRO-GPL.jpg\" \/>\n\t<meta property=\"og:image:width\" content=\"900\" \/>\n\t<meta property=\"og:image:height\" content=\"793\" \/>\n\t<meta property=\"og:image:type\" content=\"image\/jpeg\" \/>\n<meta name=\"twitter:card\" content=\"summary_large_image\" \/>\n<meta name=\"twitter:label1\" content=\"Est. reading time\" \/>\n\t<meta name=\"twitter:data1\" content=\"2 minutes\" \/>\n<script type=\"application\/ld+json\" class=\"yoast-schema-graph\">{\"@context\":\"https:\\\/\\\/schema.org\",\"@graph\":[{\"@type\":\"WebPage\",\"@id\":\"https:\\\/\\\/sistemaevolution.com.br\\\/producto\\\/elementor-pro-plugin-digital-con-licencia-gpl-legal\\\/\",\"url\":\"https:\\\/\\\/sistemaevolution.com.br\\\/producto\\\/elementor-pro-plugin-digital-con-licencia-gpl-legal\\\/\",\"name\":\"Elementor Pro - Plugin Digital Con Licencia Gpl Legal &#8212; Agencia Evolution\",\"isPartOf\":{\"@id\":\"https:\\\/\\\/sistemaevolution.com.br\\\/#website\"},\"primaryImageOfPage\":{\"@id\":\"https:\\\/\\\/sistemaevolution.com.br\\\/producto\\\/elementor-pro-plugin-digital-con-licencia-gpl-legal\\\/#primaryimage\"},\"image\":{\"@id\":\"https:\\\/\\\/sistemaevolution.com.br\\\/producto\\\/elementor-pro-plugin-digital-con-licencia-gpl-legal\\\/#primaryimage\"},\"thumbnailUrl\":\"https:\\\/\\\/sistemaevolution.com.br\\\/wp-content\\\/uploads\\\/2025\\\/03\\\/ELEMENTOR-PRO-GPL.jpg\",\"datePublished\":\"2025-03-03T07:27:47+00:00\",\"dateModified\":\"2025-03-03T08:10:44+00:00\",\"description\":\"Este producto se distribuye legalmente bajo la Licencia GPL (General Public License). Obtendr\u00e1s acceso a Elementor Pro con actualizaciones garantizadas.\",\"breadcrumb\":{\"@id\":\"https:\\\/\\\/sistemaevolution.com.br\\\/producto\\\/elementor-pro-plugin-digital-con-licencia-gpl-legal\\\/#breadcrumb\"},\"inLanguage\":\"en-US\",\"potentialAction\":[{\"@type\":\"ReadAction\",\"target\":[\"https:\\\/\\\/sistemaevolution.com.br\\\/producto\\\/elementor-pro-plugin-digital-con-licencia-gpl-legal\\\/\"]}]},{\"@type\":\"ImageObject\",\"inLanguage\":\"en-US\",\"@id\":\"https:\\\/\\\/sistemaevolution.com.br\\\/producto\\\/elementor-pro-plugin-digital-con-licencia-gpl-legal\\\/#primaryimage\",\"url\":\"https:\\\/\\\/sistemaevolution.com.br\\\/wp-content\\\/uploads\\\/2025\\\/03\\\/ELEMENTOR-PRO-GPL.jpg\",\"contentUrl\":\"https:\\\/\\\/sistemaevolution.com.br\\\/wp-content\\\/uploads\\\/2025\\\/03\\\/ELEMENTOR-PRO-GPL.jpg\",\"width\":900,\"height\":793,\"caption\":\"ELEMENTOR PRO GPL\"},{\"@type\":\"BreadcrumbList\",\"@id\":\"https:\\\/\\\/sistemaevolution.com.br\\\/producto\\\/elementor-pro-plugin-digital-con-licencia-gpl-legal\\\/#breadcrumb\",\"itemListElement\":[{\"@type\":\"ListItem\",\"position\":1,\"name\":\"Portada\",\"item\":\"https:\\\/\\\/sistemaevolution.com.br\\\/pt-br\\\/\"},{\"@type\":\"ListItem\",\"position\":2,\"name\":\"Store\",\"item\":\"https:\\\/\\\/sistemaevolution.com.br\\\/shop-2\\\/\"},{\"@type\":\"ListItem\",\"position\":3,\"name\":\"Elementor Pro &#8211; Plugin Digital Con Licencia Gpl Legal\"}]},{\"@type\":\"WebSite\",\"@id\":\"https:\\\/\\\/sistemaevolution.com.br\\\/#website\",\"url\":\"https:\\\/\\\/sistemaevolution.com.br\\\/\",\"name\":\"Agencia Evolution\",\"description\":\"\",\"publisher\":{\"@id\":\"https:\\\/\\\/sistemaevolution.com.br\\\/#organization\"},\"potentialAction\":[{\"@type\":\"SearchAction\",\"target\":{\"@type\":\"EntryPoint\",\"urlTemplate\":\"https:\\\/\\\/sistemaevolution.com.br\\\/?s={search_term_string}\"},\"query-input\":{\"@type\":\"PropertyValueSpecification\",\"valueRequired\":true,\"valueName\":\"search_term_string\"}}],\"inLanguage\":\"en-US\"},{\"@type\":\"Organization\",\"@id\":\"https:\\\/\\\/sistemaevolution.com.br\\\/#organization\",\"name\":\"Agencia Evolution\",\"alternateName\":\"Sistema Evolution\",\"url\":\"https:\\\/\\\/sistemaevolution.com.br\\\/\",\"logo\":{\"@type\":\"ImageObject\",\"inLanguage\":\"en-US\",\"@id\":\"https:\\\/\\\/sistemaevolution.com.br\\\/#\\\/schema\\\/logo\\\/image\\\/\",\"url\":\"https:\\\/\\\/sistemaevolution.com.br\\\/wp-content\\\/uploads\\\/2024\\\/11\\\/evo-preto-espanhol.fw_.png\",\"contentUrl\":\"https:\\\/\\\/sistemaevolution.com.br\\\/wp-content\\\/uploads\\\/2024\\\/11\\\/evo-preto-espanhol.fw_.png\",\"width\":434,\"height\":434,\"caption\":\"Agencia Evolution\"},\"image\":{\"@id\":\"https:\\\/\\\/sistemaevolution.com.br\\\/#\\\/schema\\\/logo\\\/image\\\/\"}}]}<\/script>\n<!-- \/ Yoast SEO plugin. -->","yoast_head_json":{"title":"Elementor Pro - Plugin Digital Con Licencia Gpl Legal &#8212; Agencia Evolution","description":"Este producto se distribuye legalmente bajo la Licencia GPL (General Public License). Obtendr\u00e1s acceso a Elementor Pro con actualizaciones garantizadas.","robots":{"index":"index","follow":"follow","max-snippet":"max-snippet:-1","max-image-preview":"max-image-preview:large","max-video-preview":"max-video-preview:-1"},"canonical":"https:\/\/sistemaevolution.com.br\/producto\/elementor-pro-plugin-digital-con-licencia-gpl-legal\/","og_locale":"en_US","og_type":"article","og_title":"Elementor Pro - Plugin Digital Con Licencia Gpl Legal &#8212; Agencia Evolution","og_description":"Este producto se distribuye legalmente bajo la Licencia GPL (General Public License). Obtendr\u00e1s acceso a Elementor Pro con actualizaciones garantizadas.","og_url":"https:\/\/sistemaevolution.com.br\/producto\/elementor-pro-plugin-digital-con-licencia-gpl-legal\/","og_site_name":"Agencia Evolution","article_modified_time":"2025-03-03T08:10:44+00:00","og_image":[{"width":900,"height":793,"url":"https:\/\/sistemaevolution.com.br\/wp-content\/uploads\/2025\/03\/ELEMENTOR-PRO-GPL.jpg","type":"image\/jpeg"}],"twitter_card":"summary_large_image","twitter_misc":{"Est. reading time":"2 minutes"},"schema":{"@context":"https:\/\/schema.org","@graph":[{"@type":"WebPage","@id":"https:\/\/sistemaevolution.com.br\/producto\/elementor-pro-plugin-digital-con-licencia-gpl-legal\/","url":"https:\/\/sistemaevolution.com.br\/producto\/elementor-pro-plugin-digital-con-licencia-gpl-legal\/","name":"Elementor Pro - Plugin Digital Con Licencia Gpl Legal &#8212; Agencia Evolution","isPartOf":{"@id":"https:\/\/sistemaevolution.com.br\/#website"},"primaryImageOfPage":{"@id":"https:\/\/sistemaevolution.com.br\/producto\/elementor-pro-plugin-digital-con-licencia-gpl-legal\/#primaryimage"},"image":{"@id":"https:\/\/sistemaevolution.com.br\/producto\/elementor-pro-plugin-digital-con-licencia-gpl-legal\/#primaryimage"},"thumbnailUrl":"https:\/\/sistemaevolution.com.br\/wp-content\/uploads\/2025\/03\/ELEMENTOR-PRO-GPL.jpg","datePublished":"2025-03-03T07:27:47+00:00","dateModified":"2025-03-03T08:10:44+00:00","description":"Este producto se distribuye legalmente bajo la Licencia GPL (General Public License). Obtendr\u00e1s acceso a Elementor Pro con actualizaciones garantizadas.","breadcrumb":{"@id":"https:\/\/sistemaevolution.com.br\/producto\/elementor-pro-plugin-digital-con-licencia-gpl-legal\/#breadcrumb"},"inLanguage":"en-US","potentialAction":[{"@type":"ReadAction","target":["https:\/\/sistemaevolution.com.br\/producto\/elementor-pro-plugin-digital-con-licencia-gpl-legal\/"]}]},{"@type":"ImageObject","inLanguage":"en-US","@id":"https:\/\/sistemaevolution.com.br\/producto\/elementor-pro-plugin-digital-con-licencia-gpl-legal\/#primaryimage","url":"https:\/\/sistemaevolution.com.br\/wp-content\/uploads\/2025\/03\/ELEMENTOR-PRO-GPL.jpg","contentUrl":"https:\/\/sistemaevolution.com.br\/wp-content\/uploads\/2025\/03\/ELEMENTOR-PRO-GPL.jpg","width":900,"height":793,"caption":"ELEMENTOR PRO GPL"},{"@type":"BreadcrumbList","@id":"https:\/\/sistemaevolution.com.br\/producto\/elementor-pro-plugin-digital-con-licencia-gpl-legal\/#breadcrumb","itemListElement":[{"@type":"ListItem","position":1,"name":"Portada","item":"https:\/\/sistemaevolution.com.br\/pt-br\/"},{"@type":"ListItem","position":2,"name":"Store","item":"https:\/\/sistemaevolution.com.br\/shop-2\/"},{"@type":"ListItem","position":3,"name":"Elementor Pro &#8211; Plugin Digital Con Licencia Gpl Legal"}]},{"@type":"WebSite","@id":"https:\/\/sistemaevolution.com.br\/#website","url":"https:\/\/sistemaevolution.com.br\/","name":"Agencia Evolution","description":"","publisher":{"@id":"https:\/\/sistemaevolution.com.br\/#organization"},"potentialAction":[{"@type":"SearchAction","target":{"@type":"EntryPoint","urlTemplate":"https:\/\/sistemaevolution.com.br\/?s={search_term_string}"},"query-input":{"@type":"PropertyValueSpecification","valueRequired":true,"valueName":"search_term_string"}}],"inLanguage":"en-US"},{"@type":"Organization","@id":"https:\/\/sistemaevolution.com.br\/#organization","name":"Agencia Evolution","alternateName":"Sistema Evolution","url":"https:\/\/sistemaevolution.com.br\/","logo":{"@type":"ImageObject","inLanguage":"en-US","@id":"https:\/\/sistemaevolution.com.br\/#\/schema\/logo\/image\/","url":"https:\/\/sistemaevolution.com.br\/wp-content\/uploads\/2024\/11\/evo-preto-espanhol.fw_.png","contentUrl":"https:\/\/sistemaevolution.com.br\/wp-content\/uploads\/2024\/11\/evo-preto-espanhol.fw_.png","width":434,"height":434,"caption":"Agencia Evolution"},"image":{"@id":"https:\/\/sistemaevolution.com.br\/#\/schema\/logo\/image\/"}}]}},"_links":{"self":[{"href":"https:\/\/sistemaevolution.com.br\/en\/wp-json\/wp\/v2\/product\/17386","targetHints":{"allow":["GET"]}}],"collection":[{"href":"https:\/\/sistemaevolution.com.br\/en\/wp-json\/wp\/v2\/product"}],"about":[{"href":"https:\/\/sistemaevolution.com.br\/en\/wp-json\/wp\/v2\/types\/product"}],"version-history":[{"count":0,"href":"https:\/\/sistemaevolution.com.br\/en\/wp-json\/wp\/v2\/product\/17386\/revisions"}],"wp:featuredmedia":[{"embeddable":true,"href":"https:\/\/sistemaevolution.com.br\/en\/wp-json\/wp\/v2\/media\/17292"}],"wp:attachment":[{"href":"https:\/\/sistemaevolution.com.br\/en\/wp-json\/wp\/v2\/media?parent=17386"}],"wp:term":[{"taxonomy":"product_brand","embeddable":true,"href":"https:\/\/sistemaevolution.com.br\/en\/wp-json\/wp\/v2\/product_brand?post=17386"},{"taxonomy":"product_cat","embeddable":true,"href":"https:\/\/sistemaevolution.com.br\/en\/wp-json\/wp\/v2\/product_cat?post=17386"},{"taxonomy":"product_tag","embeddable":true,"href":"https:\/\/sistemaevolution.com.br\/en\/wp-json\/wp\/v2\/product_tag?post=17386"}],"curies":[{"name":"wp","href":"https:\/\/api.w.org\/{rel}","templated":true}]}}